{"id":28,"date":"2025-04-23T12:29:48","date_gmt":"2025-04-23T12:29:48","guid":{"rendered":"https:\/\/pacifico.edu.ec\/web\/?page_id=28"},"modified":"2026-02-26T00:08:53","modified_gmt":"2026-02-26T00:08:53","slug":"mision","status":"publish","type":"page","link":"https:\/\/pacifico.edu.ec\/web\/index.php\/mision\/","title":{"rendered":"Misi\u00f3n"},"content":{"rendered":"\n<div class=\"wp-block-group alignfull has-accent-background-color has-background\" style=\"margin-top:0;margin-bottom:0;padding-top:var(--wp--preset--spacing--50);padding-right:var(--wp--preset--spacing--50);padding-bottom:var(--wp--preset--spacing--50);padding-left:var(--wp--preset--spacing--50)\"><div class=\"wp-block-group__inner-container is-layout-constrained wp-container-core-group-is-layout-2bafd31c wp-block-group-is-layout-constrained\">\n<div class=\"wp-block-columns alignwide is-layout-flex wp-container-core-columns-is-layout-4d397ad4 wp-block-columns-is-layout-flex\">\n<div class=\"wp-block-column is-vertically-aligned-stretch is-layout-flow wp-block-column-is-layout-flow\" style=\"flex-basis:50%\">\n<div class=\"wp-block-group is-vertical is-content-justification-stretch is-layout-flex wp-container-core-group-is-layout-d9786264 wp-block-group-is-layout-flex\" style=\"min-height:100%\">\n<div class=\"wp-block-group is-nowrap is-layout-flex wp-container-core-group-is-layout-ad2f72ca wp-block-group-is-layout-flex\">\n<p class=\"has-text-align-left has-heading-font-family has-small-font-size\" style=\"line-height:1.2\">La Unidad Educativa Fiscomisional Pac\u00edfico Cembranos es una entidad de car\u00e1cter cat\u00f3lica, que brinda una educaci\u00f3n de calidad y calidez, con conocimientos cient\u00edficos, anal\u00edticos y cr\u00edticos, fundamentada en una formaci\u00f3n integral de ni\u00f1os, ni\u00f1as, adolescentes y j\u00f3venes, que vivencien valores \u00e9ticos y c\u00edvicos y promuevan la justicia, el amor, el trabajo, la paz, la solidaridad, cuidado del medio ambiente y la innovaci\u00f3n, en pro de contar con hombres y mujeres emprendedores, competitivos y aptos para enfrentarse los retos de la postmodernidad.<\/p>\n<\/div>\n\n\n\n<figure class=\"wp-block-image size-full is-style-rounded\"><img loading=\"lazy\" decoding=\"async\" width=\"507\" height=\"632\" src=\"https:\/\/pacifico.edu.ec\/web\/wp-content\/uploads\/2025\/04\/mision.jpg\" alt=\"\" class=\"wp-image-32\" style=\"aspect-ratio:3\/4;object-fit:cover\" srcset=\"https:\/\/pacifico.edu.ec\/web\/wp-content\/uploads\/2025\/04\/mision.jpg 507w, https:\/\/pacifico.edu.ec\/web\/wp-content\/uploads\/2025\/04\/mision-241x300.jpg 241w\" sizes=\"auto, (max-width: 507px) 100vw, 507px\" \/><\/figure>\n\n\n\n<div class=\"wp-block-group is-content-justification-left\"><div class=\"wp-block-group__inner-container is-layout-constrained wp-container-core-group-is-layout-ebdfa9d7 wp-block-group-is-layout-constrained\"><\/div><\/div>\n<\/div>\n<\/div>\n\n\n\n<div class=\"wp-block-column is-vertically-aligned-center is-layout-flow wp-block-column-is-layout-flow\" style=\"flex-basis:50%\"><\/div>\n<\/div>\n<\/div><\/div>\n\n\n\n<p><\/p>\n","protected":false},"excerpt":{"rendered":"<p>La Unidad Educativa Fiscomisional Pac\u00edfico Cembranos es una entidad de car\u00e1cter cat\u00f3lica, que brinda una educaci\u00f3n de calidad y calidez, con conocimientos cient\u00edficos, anal\u00edticos y cr\u00edticos, fundamentada en una formaci\u00f3n integral de ni\u00f1os, ni\u00f1as, adolescentes y j\u00f3venes, que vivencien valores &hellip; <a href=\"https:\/\/pacifico.edu.ec\/web\/index.php\/mision\/\">Sigue leyendo <span class=\"meta-nav\">&rarr;<\/span><\/a><\/p>\n","protected":false},"author":2,"featured_media":0,"parent":0,"menu_order":0,"comment_status":"closed","ping_status":"closed","template":"","meta":{"footnotes":""},"class_list":["post-28","page","type-page","status-publish","hentry"],"yoast_head":"<!-- This site is optimized with the Yoast SEO plugin v26.6 - https:\/\/yoast.com\/wordpress\/plugins\/seo\/ -->\n<title>Misi\u00f3n -<\/title>\n<meta name=\"robots\" content=\"index, follow, max-snippet:-1, max-image-preview:large, max-video-preview:-1\" \/>\n<link rel=\"canonical\" href=\"https:\/\/pacifico.edu.ec\/web\/index.php\/mision\/\" \/>\n<meta property=\"og:locale\" content=\"es_ES\" \/>\n<meta property=\"og:type\" content=\"article\" \/>\n<meta property=\"og:title\" content=\"Misi\u00f3n -\" \/>\n<meta property=\"og:description\" content=\"La Unidad Educativa Fiscomisional Pac\u00edfico Cembranos es una entidad de car\u00e1cter cat\u00f3lica, que brinda una educaci\u00f3n de calidad y calidez, con conocimientos cient\u00edficos, anal\u00edticos y cr\u00edticos, fundamentada en una formaci\u00f3n integral de ni\u00f1os, ni\u00f1as, adolescentes y j\u00f3venes, que vivencien valores &hellip; Sigue leyendo &rarr;\" \/>\n<meta property=\"og:url\" content=\"https:\/\/pacifico.edu.ec\/web\/index.php\/mision\/\" \/>\n<meta property=\"article:publisher\" content=\"https:\/\/www.facebook.com\/pacifico.cembranos.35\" \/>\n<meta property=\"article:modified_time\" content=\"2026-02-26T00:08:53+00:00\" \/>\n<meta property=\"og:image\" content=\"https:\/\/pacifico.edu.ec\/web\/wp-content\/uploads\/2025\/04\/mision.jpg\" \/>\n\t<meta property=\"og:image:width\" content=\"507\" \/>\n\t<meta property=\"og:image:height\" content=\"632\" \/>\n\t<meta property=\"og:image:type\" content=\"image\/jpeg\" \/>\n<meta name=\"twitter:card\" content=\"summary_large_image\" \/>\n<meta name=\"twitter:label1\" content=\"Tiempo de lectura\" \/>\n\t<meta name=\"twitter:data1\" content=\"1 minuto\" \/>\n<script type=\"application\/ld+json\" class=\"yoast-schema-graph\">{\"@context\":\"https:\/\/schema.org\",\"@graph\":[{\"@type\":\"WebPage\",\"@id\":\"https:\/\/pacifico.edu.ec\/web\/index.php\/mision\/\",\"url\":\"https:\/\/pacifico.edu.ec\/web\/index.php\/mision\/\",\"name\":\"Misi\u00f3n -\",\"isPartOf\":{\"@id\":\"https:\/\/pacifico.edu.ec\/web\/#website\"},\"primaryImageOfPage\":{\"@id\":\"https:\/\/pacifico.edu.ec\/web\/index.php\/mision\/#primaryimage\"},\"image\":{\"@id\":\"https:\/\/pacifico.edu.ec\/web\/index.php\/mision\/#primaryimage\"},\"thumbnailUrl\":\"https:\/\/pacifico.edu.ec\/web\/wp-content\/uploads\/2025\/04\/mision.jpg\",\"datePublished\":\"2025-04-23T12:29:48+00:00\",\"dateModified\":\"2026-02-26T00:08:53+00:00\",\"breadcrumb\":{\"@id\":\"https:\/\/pacifico.edu.ec\/web\/index.php\/mision\/#breadcrumb\"},\"inLanguage\":\"es\",\"potentialAction\":[{\"@type\":\"ReadAction\",\"target\":[\"https:\/\/pacifico.edu.ec\/web\/index.php\/mision\/\"]}]},{\"@type\":\"ImageObject\",\"inLanguage\":\"es\",\"@id\":\"https:\/\/pacifico.edu.ec\/web\/index.php\/mision\/#primaryimage\",\"url\":\"https:\/\/pacifico.edu.ec\/web\/wp-content\/uploads\/2025\/04\/mision.jpg\",\"contentUrl\":\"https:\/\/pacifico.edu.ec\/web\/wp-content\/uploads\/2025\/04\/mision.jpg\",\"width\":507,\"height\":632},{\"@type\":\"BreadcrumbList\",\"@id\":\"https:\/\/pacifico.edu.ec\/web\/index.php\/mision\/#breadcrumb\",\"itemListElement\":[{\"@type\":\"ListItem\",\"position\":1,\"name\":\"Portada\",\"item\":\"https:\/\/pacifico.edu.ec\/web\/\"},{\"@type\":\"ListItem\",\"position\":2,\"name\":\"Misi\u00f3n\"}]},{\"@type\":\"WebSite\",\"@id\":\"https:\/\/pacifico.edu.ec\/web\/#website\",\"url\":\"https:\/\/pacifico.edu.ec\/web\/\",\"name\":\"Unidad Educativa Fiscomisional \\\"Pac\u00edfico Cembranos\\\"\",\"description\":\"\",\"publisher\":{\"@id\":\"https:\/\/pacifico.edu.ec\/web\/#organization\"},\"potentialAction\":[{\"@type\":\"SearchAction\",\"target\":{\"@type\":\"EntryPoint\",\"urlTemplate\":\"https:\/\/pacifico.edu.ec\/web\/?s={search_term_string}\"},\"query-input\":{\"@type\":\"PropertyValueSpecification\",\"valueRequired\":true,\"valueName\":\"search_term_string\"}}],\"inLanguage\":\"es\"},{\"@type\":\"Organization\",\"@id\":\"https:\/\/pacifico.edu.ec\/web\/#organization\",\"name\":\"Unidad Educativa Fiscomisional \\\"Pac\u00edfico Cembranos\\\"\",\"url\":\"https:\/\/pacifico.edu.ec\/web\/\",\"logo\":{\"@type\":\"ImageObject\",\"inLanguage\":\"es\",\"@id\":\"https:\/\/pacifico.edu.ec\/web\/#\/schema\/logo\/image\/\",\"url\":\"https:\/\/pacifico.edu.ec\/web\/wp-content\/uploads\/2025\/04\/escudo1.jpg\",\"contentUrl\":\"https:\/\/pacifico.edu.ec\/web\/wp-content\/uploads\/2025\/04\/escudo1.jpg\",\"width\":215,\"height\":183,\"caption\":\"Unidad Educativa Fiscomisional \\\"Pac\u00edfico Cembranos\\\"\"},\"image\":{\"@id\":\"https:\/\/pacifico.edu.ec\/web\/#\/schema\/logo\/image\/\"},\"sameAs\":[\"https:\/\/www.facebook.com\/pacifico.cembranos.35\"]}]}<\/script>\n<!-- \/ Yoast SEO plugin. -->","yoast_head_json":{"title":"Misi\u00f3n -","robots":{"index":"index","follow":"follow","max-snippet":"max-snippet:-1","max-image-preview":"max-image-preview:large","max-video-preview":"max-video-preview:-1"},"canonical":"https:\/\/pacifico.edu.ec\/web\/index.php\/mision\/","og_locale":"es_ES","og_type":"article","og_title":"Misi\u00f3n -","og_description":"La Unidad Educativa Fiscomisional Pac\u00edfico Cembranos es una entidad de car\u00e1cter cat\u00f3lica, que brinda una educaci\u00f3n de calidad y calidez, con conocimientos cient\u00edficos, anal\u00edticos y cr\u00edticos, fundamentada en una formaci\u00f3n integral de ni\u00f1os, ni\u00f1as, adolescentes y j\u00f3venes, que vivencien valores &hellip; Sigue leyendo &rarr;","og_url":"https:\/\/pacifico.edu.ec\/web\/index.php\/mision\/","article_publisher":"https:\/\/www.facebook.com\/pacifico.cembranos.35","article_modified_time":"2026-02-26T00:08:53+00:00","og_image":[{"width":507,"height":632,"url":"https:\/\/pacifico.edu.ec\/web\/wp-content\/uploads\/2025\/04\/mision.jpg","type":"image\/jpeg"}],"twitter_card":"summary_large_image","twitter_misc":{"Tiempo de lectura":"1 minuto"},"schema":{"@context":"https:\/\/schema.org","@graph":[{"@type":"WebPage","@id":"https:\/\/pacifico.edu.ec\/web\/index.php\/mision\/","url":"https:\/\/pacifico.edu.ec\/web\/index.php\/mision\/","name":"Misi\u00f3n -","isPartOf":{"@id":"https:\/\/pacifico.edu.ec\/web\/#website"},"primaryImageOfPage":{"@id":"https:\/\/pacifico.edu.ec\/web\/index.php\/mision\/#primaryimage"},"image":{"@id":"https:\/\/pacifico.edu.ec\/web\/index.php\/mision\/#primaryimage"},"thumbnailUrl":"https:\/\/pacifico.edu.ec\/web\/wp-content\/uploads\/2025\/04\/mision.jpg","datePublished":"2025-04-23T12:29:48+00:00","dateModified":"2026-02-26T00:08:53+00:00","breadcrumb":{"@id":"https:\/\/pacifico.edu.ec\/web\/index.php\/mision\/#breadcrumb"},"inLanguage":"es","potentialAction":[{"@type":"ReadAction","target":["https:\/\/pacifico.edu.ec\/web\/index.php\/mision\/"]}]},{"@type":"ImageObject","inLanguage":"es","@id":"https:\/\/pacifico.edu.ec\/web\/index.php\/mision\/#primaryimage","url":"https:\/\/pacifico.edu.ec\/web\/wp-content\/uploads\/2025\/04\/mision.jpg","contentUrl":"https:\/\/pacifico.edu.ec\/web\/wp-content\/uploads\/2025\/04\/mision.jpg","width":507,"height":632},{"@type":"BreadcrumbList","@id":"https:\/\/pacifico.edu.ec\/web\/index.php\/mision\/#breadcrumb","itemListElement":[{"@type":"ListItem","position":1,"name":"Portada","item":"https:\/\/pacifico.edu.ec\/web\/"},{"@type":"ListItem","position":2,"name":"Misi\u00f3n"}]},{"@type":"WebSite","@id":"https:\/\/pacifico.edu.ec\/web\/#website","url":"https:\/\/pacifico.edu.ec\/web\/","name":"Unidad Educativa Fiscomisional \"Pac\u00edfico Cembranos\"","description":"","publisher":{"@id":"https:\/\/pacifico.edu.ec\/web\/#organization"},"potentialAction":[{"@type":"SearchAction","target":{"@type":"EntryPoint","urlTemplate":"https:\/\/pacifico.edu.ec\/web\/?s={search_term_string}"},"query-input":{"@type":"PropertyValueSpecification","valueRequired":true,"valueName":"search_term_string"}}],"inLanguage":"es"},{"@type":"Organization","@id":"https:\/\/pacifico.edu.ec\/web\/#organization","name":"Unidad Educativa Fiscomisional \"Pac\u00edfico Cembranos\"","url":"https:\/\/pacifico.edu.ec\/web\/","logo":{"@type":"ImageObject","inLanguage":"es","@id":"https:\/\/pacifico.edu.ec\/web\/#\/schema\/logo\/image\/","url":"https:\/\/pacifico.edu.ec\/web\/wp-content\/uploads\/2025\/04\/escudo1.jpg","contentUrl":"https:\/\/pacifico.edu.ec\/web\/wp-content\/uploads\/2025\/04\/escudo1.jpg","width":215,"height":183,"caption":"Unidad Educativa Fiscomisional \"Pac\u00edfico Cembranos\""},"image":{"@id":"https:\/\/pacifico.edu.ec\/web\/#\/schema\/logo\/image\/"},"sameAs":["https:\/\/www.facebook.com\/pacifico.cembranos.35"]}]}},"_links":{"self":[{"href":"https:\/\/pacifico.edu.ec\/web\/index.php\/wp-json\/wp\/v2\/pages\/28","targetHints":{"allow":["GET"]}}],"collection":[{"href":"https:\/\/pacifico.edu.ec\/web\/index.php\/wp-json\/wp\/v2\/pages"}],"about":[{"href":"https:\/\/pacifico.edu.ec\/web\/index.php\/wp-json\/wp\/v2\/types\/page"}],"author":[{"embeddable":true,"href":"https:\/\/pacifico.edu.ec\/web\/index.php\/wp-json\/wp\/v2\/users\/2"}],"replies":[{"embeddable":true,"href":"https:\/\/pacifico.edu.ec\/web\/index.php\/wp-json\/wp\/v2\/comments?post=28"}],"version-history":[{"count":4,"href":"https:\/\/pacifico.edu.ec\/web\/index.php\/wp-json\/wp\/v2\/pages\/28\/revisions"}],"predecessor-version":[{"id":199,"href":"https:\/\/pacifico.edu.ec\/web\/index.php\/wp-json\/wp\/v2\/pages\/28\/revisions\/199"}],"wp:attachment":[{"href":"https:\/\/pacifico.edu.ec\/web\/index.php\/wp-json\/wp\/v2\/media?parent=28"}],"curies":[{"name":"wp","href":"https:\/\/api.w.org\/{rel}","templated":true}]}}